{"id":1318,"date":"2024-07-20T18:21:18","date_gmt":"2024-07-20T21:21:18","guid":{"rendered":"https:\/\/lucazfox.com\/about\/"},"modified":"2026-01-13T11:19:20","modified_gmt":"2026-01-13T14:19:20","slug":"sobre","status":"publish","type":"page","link":"https:\/\/lucazfox.com\/en\/sobre\/","title":{"rendered":"about"},"content":{"rendered":"<div data-elementor-type=\"wp-page\" data-elementor-id=\"1318\" class=\"elementor elementor-1318\">\n\t\t\t\t<div class=\"elementor-element elementor-element-7ad42c60 e-con-full e-flex e-con e-parent\" data-id=\"7ad42c60\" data-element_type=\"container\" data-settings=\"{&quot;background_background&quot;:&quot;classic&quot;}\">\n\t\t<div class=\"elementor-element elementor-element-1edc4ca7 e-con-full e-flex e-con e-child\" data-id=\"1edc4ca7\" data-element_type=\"container\">\n\t\t\t\t<div class=\"elementor-element elementor-element-5f7bd0a4 exad-sticky-section-no exad-glass-effect-no elementor-widget elementor-widget-heading\" data-id=\"5f7bd0a4\" data-element_type=\"widget\" data-widget_type=\"heading.default\">\n\t\t\t\t<div class=\"elementor-widget-container\">\n\t\t\t\t\t<h1 class=\"elementor-heading-title elementor-size-default\">About me<\/h1>\t\t\t\t<\/div>\n\t\t\t\t<\/div>\n\t\t\t\t<div class=\"elementor-element elementor-element-31cf30f exad-sticky-section-no exad-glass-effect-no elementor-widget elementor-widget-image\" data-id=\"31cf30f\" data-element_type=\"widget\" data-widget_type=\"image.default\">\n\t\t\t\t<div class=\"elementor-widget-container\">\n\t\t\t\t\t\t\t\t\t\t\t\t\t\t\t<img fetchpriority=\"high\" decoding=\"async\" width=\"1024\" height=\"684\" src=\"https:\/\/lucazfox.com\/wp-content\/uploads\/2024\/10\/quem2-1024x684.png\" class=\"attachment-large size-large wp-image-3994\" alt=\"\" srcset=\"https:\/\/lucazfox.com\/wp-content\/uploads\/2024\/10\/quem2-1024x684.png 1024w, https:\/\/lucazfox.com\/wp-content\/uploads\/2024\/10\/quem2-300x200.png 300w, https:\/\/lucazfox.com\/wp-content\/uploads\/2024\/10\/quem2-768x513.png 768w, https:\/\/lucazfox.com\/wp-content\/uploads\/2024\/10\/quem2.png 1080w\" sizes=\"(max-width: 1024px) 100vw, 1024px\" \/>\t\t\t\t\t\t\t\t\t\t\t\t\t\t\t<\/div>\n\t\t\t\t<\/div>\n\t\t\t\t<\/div>\n\t\t<div class=\"elementor-element elementor-element-6ee0a038 e-con-full e-flex e-con e-child\" data-id=\"6ee0a038\" data-element_type=\"container\" data-settings=\"{&quot;background_background&quot;:&quot;classic&quot;}\">\n\t\t\t\t<div class=\"elementor-element elementor-element-45ed7090 exad-sticky-section-no exad-glass-effect-no elementor-widget elementor-widget-text-editor\" data-id=\"45ed7090\" data-element_type=\"widget\" data-widget_type=\"text-editor.default\">\n\t\t\t\t<div class=\"elementor-widget-container\">\n\t\t\t\t\t\t\t\t\t<p>I'm Lucas, and of course <strong>\"z\"<\/strong> It was a need to register, there are so many out there (let's dominate the world haha). Fox has a cool cinematic history, I'll tell you about it later.<\/p><p>I am a creative professional, which means I am always looking for ways to express messages creatively, including design, music videos, animation, illustration, puppets, storytelling. Well, the form varies depending on the medium and the resources available.<\/p><p>\u00a0<\/p><p>I've been in the logo and design business since 2012. I've been in brand creation since 2022, i<em>f you want to become a case, let's grow together, remember the costs with me will be lower<\/em>.<\/p><p>\u00a0<\/p><p>Outside of work, I used to alternate between movies and spending time with friends. Although, I also served in the church with messages using puppets for 12 years. Now my wife and I are on our biggest project, Elisa, my little girl.<\/p><p>\u00a0<\/p><p>Well, that's it, I'm simple and genuine. I like to engage with my clients to build relationships and help them whenever possible. If you want to connect, send me a message through one of these means.<\/p>\t\t\t\t\t\t\t\t<\/div>\n\t\t\t\t<\/div>\n\t\t\t\t<div class=\"elementor-element elementor-element-fa5347d elementor-widget-mobile__width-inherit exad-sticky-section-no exad-glass-effect-no elementor-widget elementor-widget-elementskit-social-media\" data-id=\"fa5347d\" data-element_type=\"widget\" data-widget_type=\"elementskit-social-media.default\">\n\t\t\t\t<div class=\"elementor-widget-container\">\n\t\t\t\t\t<div class=\"ekit-wid-con\" >\t\t\t <ul class=\"ekit_social_media\">\n\t\t\t\t\t\t\t\t\t\t\t\t\t\t<li class=\"elementor-repeater-item-6932d1a\">\n\t\t\t\t\t    <a\n\t\t\t\t\t\thref=\"https:\/\/instagram.com\/lucazfox\" target=\"_blank\" aria-label=\"instagram\" class=\"1\" >\n\t\t\t\t\t\t\t\n\t\t\t\t\t\t\t<i aria-hidden=\"true\" class=\"icon icon-instagram-1\"><\/i>\n                                                                                    instagram                                                                                <\/a>\n                    <\/li>\n                    \t\t\t\t\t\t\t\t\t\t\t\t\t\t<li class=\"elementor-repeater-item-50a4567\">\n\t\t\t\t\t    <a\n\t\t\t\t\t\thref=\"https:\/\/bit.ly\/lucazfox\" target=\"_blank\" aria-label=\"whatsapp\" class=\"line\" >\n\t\t\t\t\t\t\t\n\t\t\t\t\t\t\t<i aria-hidden=\"true\" class=\"remixicon ri-whatsapp-line\"><\/i>\n                                                                                    whatsapp                                                                                <\/a>\n                    <\/li>\n                    \t\t\t\t\t\t\t\t\t\t\t\t\t\t<li class=\"elementor-repeater-item-eb75a45\">\n\t\t\t\t\t    <a\n\t\t\t\t\t\thref=\"mailto:contato@lucazfox.com\" target=\"_blank\" aria-label=\"e-mail\" class=\"line\" >\n\t\t\t\t\t\t\t\n\t\t\t\t\t\t\t<i aria-hidden=\"true\" class=\"remixicon ri-mail-open-line\"><\/i>\n                                                                                    e-mail                                                                                <\/a>\n                    <\/li>\n                    \t\t\t\t\t\t\t<\/ul>\n\t\t<\/div>\t\t\t\t<\/div>\n\t\t\t\t<\/div>\n\t\t\t\t<\/div>\n\t\t\t\t<\/div>\n\t\t\t\t<\/div>","protected":false},"excerpt":{"rendered":"<p>Sobre mim Sou o Lucas, claro que o z foi uma necessidade de registro, h\u00e1 tantos por ai (vamos dominar o mundo haha). o Fox, tem uma hist\u00f3ria cinematografica bacana, depois conto por ai. Sou um profissional da criatividade, isso significa que estou sempre buscando formas de expressar mensagens de forma criativa, isso inclui design, [&hellip;]<\/p>","protected":false},"author":1,"featured_media":0,"parent":0,"menu_order":0,"comment_status":"closed","ping_status":"closed","template":"elementor_theme","meta":{"site-sidebar-layout":"no-sidebar","site-content-layout":"page-builder","ast-site-content-layout":"full-width-container","site-content-style":"unboxed","site-sidebar-style":"unboxed","ast-global-header-display":"","ast-banner-title-visibility":"","ast-main-header-display":"","ast-hfb-above-header-display":"","ast-hfb-below-header-display":"","ast-hfb-mobile-header-display":"","site-post-title":"disabled","ast-breadcrumbs-content":"","ast-featured-img":"disabled","footer-sml-layout":"","theme-transparent-header-meta":"enabled","adv-header-id-meta":"","stick-header-meta":"","header-above-stick-meta":"","header-main-stick-meta":"","header-below-stick-meta":"","astra-migrate-meta-layouts":"set","ast-page-background-enabled":"default","ast-page-background-meta":{"desktop":{"background-color":"var(--ast-global-color-4)","background-image":"","background-repeat":"repeat","background-position":"center center","background-size":"auto","background-attachment":"scroll","background-type":"","background-media":"","overlay-type":"","overlay-color":"","overlay-opacity":"","overlay-gradient":""},"tablet":{"background-color":"","background-image":"","background-repeat":"repeat","background-position":"center center","background-size":"auto","background-attachment":"scroll","background-type":"","background-media":"","overlay-type":"","overlay-color":"","overlay-opacity":"","overlay-gradient":""},"mobile":{"background-color":"","background-image":"","background-repeat":"repeat","background-position":"center center","background-size":"auto","background-attachment":"scroll","background-type":"","background-media":"","overlay-type":"","overlay-color":"","overlay-opacity":"","overlay-gradient":""}},"ast-content-background-meta":{"desktop":{"background-color":"var(--ast-global-color-5)","background-image":"","background-repeat":"repeat","background-position":"center center","background-size":"auto","background-attachment":"scroll","background-type":"","background-media":"","overlay-type":"","overlay-color":"","overlay-opacity":"","overlay-gradient":""},"tablet":{"background-color":"var(--ast-global-color-5)","background-image":"","background-repeat":"repeat","background-position":"center center","background-size":"auto","background-attachment":"scroll","background-type":"","background-media":"","overlay-type":"","overlay-color":"","overlay-opacity":"","overlay-gradient":""},"mobile":{"background-color":"var(--ast-global-color-5)","background-image":"","background-repeat":"repeat","background-position":"center center","background-size":"auto","background-attachment":"scroll","background-type":"","background-media":"","overlay-type":"","overlay-color":"","overlay-opacity":"","overlay-gradient":""}},"footnotes":""},"class_list":["post-1318","page","type-page","status-publish","hentry"],"yoast_head":"<!-- This site is optimized with the Yoast SEO plugin v24.5 - https:\/\/yoast.com\/wordpress\/plugins\/seo\/ -->\n<title>sobre - lucazfox<\/title>\n<meta name=\"robots\" content=\"index, follow, max-snippet:-1, max-image-preview:large, max-video-preview:-1\" \/>\n<link rel=\"canonical\" href=\"https:\/\/lucazfox.com\/en\/sobre\/\" \/>\n<meta property=\"og:locale\" content=\"en_US\" \/>\n<meta property=\"og:type\" content=\"article\" \/>\n<meta property=\"og:title\" content=\"sobre - lucazfox\" \/>\n<meta property=\"og:description\" content=\"Sobre mim Sou o Lucas, claro que o z foi uma necessidade de registro, h\u00e1 tantos por ai (vamos dominar o mundo haha). o Fox, tem uma hist\u00f3ria cinematografica bacana, depois conto por ai. Sou um profissional da criatividade, isso significa que estou sempre buscando formas de expressar mensagens de forma criativa, isso inclui design, [&hellip;]\" \/>\n<meta property=\"og:url\" content=\"https:\/\/lucazfox.com\/en\/sobre\/\" \/>\n<meta property=\"og:site_name\" content=\"lucazfox\" \/>\n<meta property=\"article:modified_time\" content=\"2026-01-13T14:19:20+00:00\" \/>\n<meta property=\"og:image\" content=\"https:\/\/lucazfox.com\/wp-content\/uploads\/2024\/10\/quem2.png\" \/>\n\t<meta property=\"og:image:width\" content=\"1080\" \/>\n\t<meta property=\"og:image:height\" content=\"721\" \/>\n\t<meta property=\"og:image:type\" content=\"image\/png\" \/>\n<meta name=\"twitter:card\" content=\"summary_large_image\" \/>\n<meta name=\"twitter:label1\" content=\"Est. reading time\" \/>\n\t<meta name=\"twitter:data1\" content=\"2 minutes\" \/>\n<script type=\"application\/ld+json\" class=\"yoast-schema-graph\">{\"@context\":\"https:\/\/schema.org\",\"@graph\":[{\"@type\":\"WebPage\",\"@id\":\"https:\/\/lucazfox.com\/sobre\/\",\"url\":\"https:\/\/lucazfox.com\/sobre\/\",\"name\":\"sobre - lucazfox\",\"isPartOf\":{\"@id\":\"https:\/\/lucazfox.com\/#website\"},\"primaryImageOfPage\":{\"@id\":\"https:\/\/lucazfox.com\/sobre\/#primaryimage\"},\"image\":{\"@id\":\"https:\/\/lucazfox.com\/sobre\/#primaryimage\"},\"thumbnailUrl\":\"https:\/\/lucazfox.com\/wp-content\/uploads\/2024\/10\/quem2-1024x684.png\",\"datePublished\":\"2024-07-20T21:21:18+00:00\",\"dateModified\":\"2026-01-13T14:19:20+00:00\",\"breadcrumb\":{\"@id\":\"https:\/\/lucazfox.com\/sobre\/#breadcrumb\"},\"inLanguage\":\"en-US\",\"potentialAction\":[{\"@type\":\"ReadAction\",\"target\":[\"https:\/\/lucazfox.com\/sobre\/\"]}]},{\"@type\":\"ImageObject\",\"inLanguage\":\"en-US\",\"@id\":\"https:\/\/lucazfox.com\/sobre\/#primaryimage\",\"url\":\"https:\/\/lucazfox.com\/wp-content\/uploads\/2024\/10\/quem2-1024x684.png\",\"contentUrl\":\"https:\/\/lucazfox.com\/wp-content\/uploads\/2024\/10\/quem2-1024x684.png\"},{\"@type\":\"BreadcrumbList\",\"@id\":\"https:\/\/lucazfox.com\/sobre\/#breadcrumb\",\"itemListElement\":[{\"@type\":\"ListItem\",\"position\":1,\"name\":\"In\u00edcio\",\"item\":\"https:\/\/lucazfox.com\/\"},{\"@type\":\"ListItem\",\"position\":2,\"name\":\"sobre\"}]},{\"@type\":\"WebSite\",\"@id\":\"https:\/\/lucazfox.com\/#website\",\"url\":\"https:\/\/lucazfox.com\/\",\"name\":\"lucazfox\",\"description\":\"design estrat\u00e9gico e criativo para empresa iniciante ou evolu\u00e7\u00e3o\",\"publisher\":{\"@id\":\"https:\/\/lucazfox.com\/#organization\"},\"potentialAction\":[{\"@type\":\"SearchAction\",\"target\":{\"@type\":\"EntryPoint\",\"urlTemplate\":\"https:\/\/lucazfox.com\/?s={search_term_string}\"},\"query-input\":{\"@type\":\"PropertyValueSpecification\",\"valueRequired\":true,\"valueName\":\"search_term_string\"}}],\"inLanguage\":\"en-US\"},{\"@type\":\"Organization\",\"@id\":\"https:\/\/lucazfox.com\/#organization\",\"name\":\"lucazfox\",\"url\":\"https:\/\/lucazfox.com\/\",\"logo\":{\"@type\":\"ImageObject\",\"inLanguage\":\"en-US\",\"@id\":\"https:\/\/lucazfox.com\/#\/schema\/logo\/image\/\",\"url\":\"https:\/\/lucazfox.com\/wp-content\/uploads\/2024\/07\/logofx.svg\",\"contentUrl\":\"https:\/\/lucazfox.com\/wp-content\/uploads\/2024\/07\/logofx.svg\",\"width\":31,\"height\":44,\"caption\":\"lucazfox\"},\"image\":{\"@id\":\"https:\/\/lucazfox.com\/#\/schema\/logo\/image\/\"}}]}<\/script>\n<!-- \/ Yoast SEO plugin. -->","yoast_head_json":{"title":"sobre - lucazfox","robots":{"index":"index","follow":"follow","max-snippet":"max-snippet:-1","max-image-preview":"max-image-preview:large","max-video-preview":"max-video-preview:-1"},"canonical":"https:\/\/lucazfox.com\/en\/sobre\/","og_locale":"en_US","og_type":"article","og_title":"sobre - lucazfox","og_description":"Sobre mim Sou o Lucas, claro que o z foi uma necessidade de registro, h\u00e1 tantos por ai (vamos dominar o mundo haha). o Fox, tem uma hist\u00f3ria cinematografica bacana, depois conto por ai. Sou um profissional da criatividade, isso significa que estou sempre buscando formas de expressar mensagens de forma criativa, isso inclui design, [&hellip;]","og_url":"https:\/\/lucazfox.com\/en\/sobre\/","og_site_name":"lucazfox","article_modified_time":"2026-01-13T14:19:20+00:00","og_image":[{"width":1080,"height":721,"url":"https:\/\/lucazfox.com\/wp-content\/uploads\/2024\/10\/quem2.png","type":"image\/png"}],"twitter_card":"summary_large_image","twitter_misc":{"Est. reading time":"2 minutes"},"schema":{"@context":"https:\/\/schema.org","@graph":[{"@type":"WebPage","@id":"https:\/\/lucazfox.com\/sobre\/","url":"https:\/\/lucazfox.com\/sobre\/","name":"sobre - lucazfox","isPartOf":{"@id":"https:\/\/lucazfox.com\/#website"},"primaryImageOfPage":{"@id":"https:\/\/lucazfox.com\/sobre\/#primaryimage"},"image":{"@id":"https:\/\/lucazfox.com\/sobre\/#primaryimage"},"thumbnailUrl":"https:\/\/lucazfox.com\/wp-content\/uploads\/2024\/10\/quem2-1024x684.png","datePublished":"2024-07-20T21:21:18+00:00","dateModified":"2026-01-13T14:19:20+00:00","breadcrumb":{"@id":"https:\/\/lucazfox.com\/sobre\/#breadcrumb"},"inLanguage":"en-US","potentialAction":[{"@type":"ReadAction","target":["https:\/\/lucazfox.com\/sobre\/"]}]},{"@type":"ImageObject","inLanguage":"en-US","@id":"https:\/\/lucazfox.com\/sobre\/#primaryimage","url":"https:\/\/lucazfox.com\/wp-content\/uploads\/2024\/10\/quem2-1024x684.png","contentUrl":"https:\/\/lucazfox.com\/wp-content\/uploads\/2024\/10\/quem2-1024x684.png"},{"@type":"BreadcrumbList","@id":"https:\/\/lucazfox.com\/sobre\/#breadcrumb","itemListElement":[{"@type":"ListItem","position":1,"name":"In\u00edcio","item":"https:\/\/lucazfox.com\/"},{"@type":"ListItem","position":2,"name":"sobre"}]},{"@type":"WebSite","@id":"https:\/\/lucazfox.com\/#website","url":"https:\/\/lucazfox.com\/","name":"lucazfox","description":"design estrat\u00e9gico e criativo para empresa iniciante ou evolu\u00e7\u00e3o","publisher":{"@id":"https:\/\/lucazfox.com\/#organization"},"potentialAction":[{"@type":"SearchAction","target":{"@type":"EntryPoint","urlTemplate":"https:\/\/lucazfox.com\/?s={search_term_string}"},"query-input":{"@type":"PropertyValueSpecification","valueRequired":true,"valueName":"search_term_string"}}],"inLanguage":"en-US"},{"@type":"Organization","@id":"https:\/\/lucazfox.com\/#organization","name":"lucazfox","url":"https:\/\/lucazfox.com\/","logo":{"@type":"ImageObject","inLanguage":"en-US","@id":"https:\/\/lucazfox.com\/#\/schema\/logo\/image\/","url":"https:\/\/lucazfox.com\/wp-content\/uploads\/2024\/07\/logofx.svg","contentUrl":"https:\/\/lucazfox.com\/wp-content\/uploads\/2024\/07\/logofx.svg","width":31,"height":44,"caption":"lucazfox"},"image":{"@id":"https:\/\/lucazfox.com\/#\/schema\/logo\/image\/"}}]}},"_links":{"self":[{"href":"https:\/\/lucazfox.com\/en\/wp-json\/wp\/v2\/pages\/1318"}],"collection":[{"href":"https:\/\/lucazfox.com\/en\/wp-json\/wp\/v2\/pages"}],"about":[{"href":"https:\/\/lucazfox.com\/en\/wp-json\/wp\/v2\/types\/page"}],"author":[{"embeddable":true,"href":"https:\/\/lucazfox.com\/en\/wp-json\/wp\/v2\/users\/1"}],"replies":[{"embeddable":true,"href":"https:\/\/lucazfox.com\/en\/wp-json\/wp\/v2\/comments?post=1318"}],"version-history":[{"count":104,"href":"https:\/\/lucazfox.com\/en\/wp-json\/wp\/v2\/pages\/1318\/revisions"}],"predecessor-version":[{"id":4253,"href":"https:\/\/lucazfox.com\/en\/wp-json\/wp\/v2\/pages\/1318\/revisions\/4253"}],"wp:attachment":[{"href":"https:\/\/lucazfox.com\/en\/wp-json\/wp\/v2\/media?parent=1318"}],"curies":[{"name":"wp","href":"https:\/\/api.w.org\/{rel}","templated":true}]}}