{"id":2330,"date":"2024-09-05T16:02:59","date_gmt":"2024-09-05T19:02:59","guid":{"rendered":"https:\/\/lucazfox.com\/?page_id=2330"},"modified":"2024-09-25T16:00:25","modified_gmt":"2024-09-25T19:00:25","slug":"faq","status":"publish","type":"page","link":"https:\/\/lucazfox.com\/en\/contato\/faq\/","title":{"rendered":"FAQ"},"content":{"rendered":"<div data-elementor-type=\"wp-page\" data-elementor-id=\"2330\" class=\"elementor elementor-2330\">\n\t\t\t\t<div class=\"elementor-element elementor-element-f89193b e-con-full e-flex e-con e-parent\" data-id=\"f89193b\" data-element_type=\"container\" data-settings=\"{&quot;background_background&quot;:&quot;classic&quot;}\">\n\t\t<div class=\"elementor-element elementor-element-363dc85 e-con-full e-flex e-con e-child\" data-id=\"363dc85\" data-element_type=\"container\">\n\t\t\t\t<div class=\"elementor-element elementor-element-ab5a5ac exad-sticky-section-no exad-glass-effect-no elementor-widget elementor-widget-heading\" data-id=\"ab5a5ac\" data-element_type=\"widget\" data-widget_type=\"heading.default\">\n\t\t\t\t<div class=\"elementor-widget-container\">\n\t\t\t\t\t<h1 class=\"elementor-heading-title elementor-size-default\">FAQ<\/h1>\t\t\t\t<\/div>\n\t\t\t\t<\/div>\n\t\t\t\t<\/div>\n\t\t<div class=\"elementor-element elementor-element-17201a9 e-con-full e-flex e-con e-child\" data-id=\"17201a9\" data-element_type=\"container\">\n\t\t\t\t<div class=\"elementor-element elementor-element-a1a7e5d exad-sticky-section-no exad-glass-effect-no elementor-widget elementor-widget-heading\" data-id=\"a1a7e5d\" data-element_type=\"widget\" data-widget_type=\"heading.default\">\n\t\t\t\t<div class=\"elementor-widget-container\">\n\t\t\t\t\t<h2 class=\"elementor-heading-title elementor-size-default\">\u201cWhy do I need a professional brand?\u201d<\/h2>\t\t\t\t<\/div>\n\t\t\t\t<\/div>\n\t\t\t\t<div class=\"elementor-element elementor-element-b0dbadb exad-sticky-section-no exad-glass-effect-no elementor-widget elementor-widget-text-editor\" data-id=\"b0dbadb\" data-element_type=\"widget\" data-widget_type=\"text-editor.default\">\n\t\t\t\t<div class=\"elementor-widget-container\">\n\t\t\t\t\t\t\t\t\t<p>You've probably seen a lot of brands out there, and you'd like someone with a dedicated eye to create something that can represent your company in a professional way and that connects with your target audience effectively.<\/p>\t\t\t\t\t\t\t\t<\/div>\n\t\t\t\t<\/div>\n\t\t\t\t<div class=\"elementor-element elementor-element-884effd exad-sticky-section-no exad-glass-effect-no elementor-widget elementor-widget-heading\" data-id=\"884effd\" data-element_type=\"widget\" data-widget_type=\"heading.default\">\n\t\t\t\t<div class=\"elementor-widget-container\">\n\t\t\t\t\t<h2 class=\"elementor-heading-title elementor-size-default\">\u201cWhat is the advantage of working with you and not an agency?\u201d<\/h2>\t\t\t\t<\/div>\n\t\t\t\t<\/div>\n\t\t\t\t<div class=\"elementor-element elementor-element-67ccdfd exad-sticky-section-no exad-glass-effect-no elementor-widget elementor-widget-text-editor\" data-id=\"67ccdfd\" data-element_type=\"widget\" data-widget_type=\"text-editor.default\">\n\t\t\t\t<div class=\"elementor-widget-container\">\n\t\t\t\t\t\t\t\t\t<p>I believe that the biggest advantage is direct access to the professional who develops your project, which makes you much closer to the goal, instead of the push and pull that can occur in a larger company. Not to mention the prices, of course.<\/p>\t\t\t\t\t\t\t\t<\/div>\n\t\t\t\t<\/div>\n\t\t\t\t<div class=\"elementor-element elementor-element-93a7aa8 exad-sticky-section-no exad-glass-effect-no elementor-widget elementor-widget-heading\" data-id=\"93a7aa8\" data-element_type=\"widget\" data-widget_type=\"heading.default\">\n\t\t\t\t<div class=\"elementor-widget-container\">\n\t\t\t\t\t<h2 class=\"elementor-heading-title elementor-size-default\">\u201cWhy should I work with you then, Lucas?\u201d<\/h2>\t\t\t\t<\/div>\n\t\t\t\t<\/div>\n\t\t\t\t<div class=\"elementor-element elementor-element-d5b0741 exad-sticky-section-no exad-glass-effect-no elementor-widget elementor-widget-text-editor\" data-id=\"d5b0741\" data-element_type=\"widget\" data-widget_type=\"text-editor.default\">\n\t\t\t\t<div class=\"elementor-widget-container\">\n\t\t\t\t\t\t\t\t\t<p>Through the insights that the creation process brings, I don't keep it to myself, I present the idea to the client and put it in their hands, to follow my dream or not haha. I will work with you to understand and elevate the perception of value of your brand, offering an effective design adapted to your unique needs.<\/p>\t\t\t\t\t\t\t\t<\/div>\n\t\t\t\t<\/div>\n\t\t\t\t<\/div>\n\t\t<div class=\"elementor-element elementor-element-8cfc936 e-con-full e-flex e-con e-child\" data-id=\"8cfc936\" data-element_type=\"container\">\n\t\t\t\t<div class=\"elementor-element elementor-element-68dce09 exad-sticky-section-no exad-glass-effect-no elementor-widget elementor-widget-heading\" data-id=\"68dce09\" data-element_type=\"widget\" data-widget_type=\"heading.default\">\n\t\t\t\t<div class=\"elementor-widget-container\">\n\t\t\t\t\t<h2 class=\"elementor-heading-title elementor-size-default\">\u201cWhat about the prices?\u201d<\/h2>\t\t\t\t<\/div>\n\t\t\t\t<\/div>\n\t\t\t\t<div class=\"elementor-element elementor-element-5311e76 exad-sticky-section-no exad-glass-effect-no elementor-widget elementor-widget-text-editor\" data-id=\"5311e76\" data-element_type=\"widget\" data-widget_type=\"text-editor.default\">\n\t\t\t\t<div class=\"elementor-widget-container\">\n\t\t\t\t\t\t\t\t\t<p>I have three different packages to choose from; logo only, visual identity, and brand building \u2013 all with varying prices. I\u2019ve done work for money and also in exchange for services. There\u2019s no set rule for how much a design costs for every client. It all depends on the size of the client, the time, the budget, the influence, and the relationship!<\/p>\t\t\t\t\t\t\t\t<\/div>\n\t\t\t\t<\/div>\n\t\t\t\t<div class=\"elementor-element elementor-element-d76b4fd exad-sticky-section-no exad-glass-effect-no elementor-widget elementor-widget-heading\" data-id=\"d76b4fd\" data-element_type=\"widget\" data-widget_type=\"heading.default\">\n\t\t\t\t<div class=\"elementor-widget-container\">\n\t\t\t\t\t<h2 class=\"elementor-heading-title elementor-size-default\">\u201cWhat are your delivery times?\u201d<\/h2>\t\t\t\t<\/div>\n\t\t\t\t<\/div>\n\t\t\t\t<div class=\"elementor-element elementor-element-711d1fe exad-sticky-section-no exad-glass-effect-no elementor-widget elementor-widget-text-editor\" data-id=\"711d1fe\" data-element_type=\"widget\" data-widget_type=\"text-editor.default\">\n\t\t\t\t<div class=\"elementor-widget-container\">\n\t\t\t\t\t\t\t\t\t<p>This can vary greatly based on the size of the project, number of revisions, length of time between feedback rounds, etc., the list goes on! But if I can manage my process with minimal interruptions, I can come up with something cool in 2-3 weeks.<\/p>\t\t\t\t\t\t\t\t<\/div>\n\t\t\t\t<\/div>\n\t\t\t\t<div class=\"elementor-element elementor-element-0ed1455 exad-sticky-section-no exad-glass-effect-no elementor-widget elementor-widget-heading\" data-id=\"0ed1455\" data-element_type=\"widget\" data-widget_type=\"heading.default\">\n\t\t\t\t<div class=\"elementor-widget-container\">\n\t\t\t\t\t<h2 class=\"elementor-heading-title elementor-size-default\">\u201cAre you open to new projects?\u201d<\/h2>\t\t\t\t<\/div>\n\t\t\t\t<\/div>\n\t\t\t\t<div class=\"elementor-element elementor-element-cd4a696 exad-sticky-section-no exad-glass-effect-no elementor-widget elementor-widget-text-editor\" data-id=\"cd4a696\" data-element_type=\"widget\" data-widget_type=\"text-editor.default\">\n\t\t\t\t<div class=\"elementor-widget-container\">\n\t\t\t\t\t\t\t\t\t<p>Sure! Send me a message <span style=\"font-size: 16px;\">and let's do something we're both proud of.<\/span><\/p>\t\t\t\t\t\t\t\t<\/div>\n\t\t\t\t<\/div>\n\t\t\t\t<div class=\"elementor-element elementor-element-2f1caf7 elementor-align-justify exad-sticky-section-no exad-glass-effect-no elementor-widget elementor-widget-button\" data-id=\"2f1caf7\" data-element_type=\"widget\" data-widget_type=\"button.default\">\n\t\t\t\t<div class=\"elementor-widget-container\">\n\t\t\t\t\t\t\t\t\t<div class=\"elementor-button-wrapper\">\n\t\t\t\t\t<a class=\"elementor-button elementor-button-link elementor-size-sm\" href=\"https:\/\/lucazfox.com\/en\/contato\/\">\n\t\t\t\t\t\t<span class=\"elementor-button-content-wrapper\">\n\t\t\t\t\t\t\t\t\t<span class=\"elementor-button-text\">return to contact<\/span>\n\t\t\t\t\t<\/span>\n\t\t\t\t\t<\/a>\n\t\t\t\t<\/div>\n\t\t\t\t\t\t\t\t<\/div>\n\t\t\t\t<\/div>\n\t\t\t\t<\/div>\n\t\t\t\t<\/div>\n\t\t\t\t<\/div>","protected":false},"excerpt":{"rendered":"<p>Perguntas frequentes \u201cPor que preciso de uma marca profissional?\u201d Provavelmente voc\u00ea j\u00e1 viu muita marca por a\u00ed, e gostaria que alguem com olhar dedicado crie algo que possa representar sua empresa de forma profissional e que venha conectar com seu p\u00fablico alvo de forma eficaz. \u201cQual a vantagem de trabalhar com voc\u00ea e n\u00e3o com [&hellip;]<\/p>","protected":false},"author":1,"featured_media":0,"parent":2349,"menu_order":0,"comment_status":"closed","ping_status":"closed","template":"elementor_theme","meta":{"site-sidebar-layout":"no-sidebar","site-content-layout":"page-builder","ast-site-content-layout":"full-width-container","site-content-style":"default","site-sidebar-style":"default","ast-global-header-display":"","ast-banner-title-visibility":"","ast-main-header-display":"","ast-hfb-above-header-display":"","ast-hfb-below-header-display":"","ast-hfb-mobile-header-display":"","site-post-title":"disabled","ast-breadcrumbs-content":"","ast-featured-img":"disabled","footer-sml-layout":"","theme-transparent-header-meta":"","adv-header-id-meta":"","stick-header-meta":"","header-above-stick-meta":"","header-main-stick-meta":"","header-below-stick-meta":"","astra-migrate-meta-layouts":"default","ast-page-background-enabled":"default","ast-page-background-meta":{"desktop":{"background-color":"var(--ast-global-color-4)","background-image":"","background-repeat":"repeat","background-position":"center center","background-size":"auto","background-attachment":"scroll","background-type":"","background-media":"","overlay-type":"","overlay-color":"","overlay-opacity":"","overlay-gradient":""},"tablet":{"background-color":"","background-image":"","background-repeat":"repeat","background-position":"center center","background-size":"auto","background-attachment":"scroll","background-type":"","background-media":"","overlay-type":"","overlay-color":"","overlay-opacity":"","overlay-gradient":""},"mobile":{"background-color":"","background-image":"","background-repeat":"repeat","background-position":"center center","background-size":"auto","background-attachment":"scroll","background-type":"","background-media":"","overlay-type":"","overlay-color":"","overlay-opacity":"","overlay-gradient":""}},"ast-content-background-meta":{"desktop":{"background-color":"var(--ast-global-color-5)","background-image":"","background-repeat":"repeat","background-position":"center center","background-size":"auto","background-attachment":"scroll","background-type":"","background-media":"","overlay-type":"","overlay-color":"","overlay-opacity":"","overlay-gradient":""},"tablet":{"background-color":"var(--ast-global-color-5)","background-image":"","background-repeat":"repeat","background-position":"center center","background-size":"auto","background-attachment":"scroll","background-type":"","background-media":"","overlay-type":"","overlay-color":"","overlay-opacity":"","overlay-gradient":""},"mobile":{"background-color":"var(--ast-global-color-5)","background-image":"","background-repeat":"repeat","background-position":"center center","background-size":"auto","background-attachment":"scroll","background-type":"","background-media":"","overlay-type":"","overlay-color":"","overlay-opacity":"","overlay-gradient":""}},"footnotes":""},"class_list":["post-2330","page","type-page","status-publish","hentry"],"yoast_head":"<!-- This site is optimized with the Yoast SEO plugin v24.5 - https:\/\/yoast.com\/wordpress\/plugins\/seo\/ -->\n<title>FAQ - lucazfox<\/title>\n<meta name=\"robots\" content=\"index, follow, max-snippet:-1, max-image-preview:large, max-video-preview:-1\" \/>\n<link rel=\"canonical\" href=\"https:\/\/lucazfox.com\/en\/contato\/faq\/\" \/>\n<meta property=\"og:locale\" content=\"en_US\" \/>\n<meta property=\"og:type\" content=\"article\" \/>\n<meta property=\"og:title\" content=\"FAQ - lucazfox\" \/>\n<meta property=\"og:description\" content=\"Perguntas frequentes \u201cPor que preciso de uma marca profissional?\u201d Provavelmente voc\u00ea j\u00e1 viu muita marca por a\u00ed, e gostaria que alguem com olhar dedicado crie algo que possa representar sua empresa de forma profissional e que venha conectar com seu p\u00fablico alvo de forma eficaz. \u201cQual a vantagem de trabalhar com voc\u00ea e n\u00e3o com [&hellip;]\" \/>\n<meta property=\"og:url\" content=\"https:\/\/lucazfox.com\/en\/contato\/faq\/\" \/>\n<meta property=\"og:site_name\" content=\"lucazfox\" \/>\n<meta property=\"article:modified_time\" content=\"2024-09-25T19:00:25+00:00\" \/>\n<meta name=\"twitter:card\" content=\"summary_large_image\" \/>\n<meta name=\"twitter:label1\" content=\"Est. reading time\" \/>\n\t<meta name=\"twitter:data1\" content=\"2 minutes\" \/>\n<script type=\"application\/ld+json\" class=\"yoast-schema-graph\">{\"@context\":\"https:\/\/schema.org\",\"@graph\":[{\"@type\":\"WebPage\",\"@id\":\"https:\/\/lucazfox.com\/contato\/faq\/\",\"url\":\"https:\/\/lucazfox.com\/contato\/faq\/\",\"name\":\"FAQ - lucazfox\",\"isPartOf\":{\"@id\":\"https:\/\/lucazfox.com\/#website\"},\"datePublished\":\"2024-09-05T19:02:59+00:00\",\"dateModified\":\"2024-09-25T19:00:25+00:00\",\"breadcrumb\":{\"@id\":\"https:\/\/lucazfox.com\/contato\/faq\/#breadcrumb\"},\"inLanguage\":\"en-US\",\"potentialAction\":[{\"@type\":\"ReadAction\",\"target\":[\"https:\/\/lucazfox.com\/contato\/faq\/\"]}]},{\"@type\":\"BreadcrumbList\",\"@id\":\"https:\/\/lucazfox.com\/contato\/faq\/#breadcrumb\",\"itemListElement\":[{\"@type\":\"ListItem\",\"position\":1,\"name\":\"In\u00edcio\",\"item\":\"https:\/\/lucazfox.com\/\"},{\"@type\":\"ListItem\",\"position\":2,\"name\":\"contato\",\"item\":\"https:\/\/lucazfox.com\/contato\/\"},{\"@type\":\"ListItem\",\"position\":3,\"name\":\"FAQ\"}]},{\"@type\":\"WebSite\",\"@id\":\"https:\/\/lucazfox.com\/#website\",\"url\":\"https:\/\/lucazfox.com\/\",\"name\":\"lucazfox\",\"description\":\"design estrat\u00e9gico e criativo para empresa iniciante ou evolu\u00e7\u00e3o\",\"publisher\":{\"@id\":\"https:\/\/lucazfox.com\/#organization\"},\"potentialAction\":[{\"@type\":\"SearchAction\",\"target\":{\"@type\":\"EntryPoint\",\"urlTemplate\":\"https:\/\/lucazfox.com\/?s={search_term_string}\"},\"query-input\":{\"@type\":\"PropertyValueSpecification\",\"valueRequired\":true,\"valueName\":\"search_term_string\"}}],\"inLanguage\":\"en-US\"},{\"@type\":\"Organization\",\"@id\":\"https:\/\/lucazfox.com\/#organization\",\"name\":\"lucazfox\",\"url\":\"https:\/\/lucazfox.com\/\",\"logo\":{\"@type\":\"ImageObject\",\"inLanguage\":\"en-US\",\"@id\":\"https:\/\/lucazfox.com\/#\/schema\/logo\/image\/\",\"url\":\"https:\/\/lucazfox.com\/wp-content\/uploads\/2024\/07\/logofx.svg\",\"contentUrl\":\"https:\/\/lucazfox.com\/wp-content\/uploads\/2024\/07\/logofx.svg\",\"width\":31,\"height\":44,\"caption\":\"lucazfox\"},\"image\":{\"@id\":\"https:\/\/lucazfox.com\/#\/schema\/logo\/image\/\"}}]}<\/script>\n<!-- \/ Yoast SEO plugin. -->","yoast_head_json":{"title":"FAQ - lucazfox","robots":{"index":"index","follow":"follow","max-snippet":"max-snippet:-1","max-image-preview":"max-image-preview:large","max-video-preview":"max-video-preview:-1"},"canonical":"https:\/\/lucazfox.com\/en\/contato\/faq\/","og_locale":"en_US","og_type":"article","og_title":"FAQ - lucazfox","og_description":"Perguntas frequentes \u201cPor que preciso de uma marca profissional?\u201d Provavelmente voc\u00ea j\u00e1 viu muita marca por a\u00ed, e gostaria que alguem com olhar dedicado crie algo que possa representar sua empresa de forma profissional e que venha conectar com seu p\u00fablico alvo de forma eficaz. \u201cQual a vantagem de trabalhar com voc\u00ea e n\u00e3o com [&hellip;]","og_url":"https:\/\/lucazfox.com\/en\/contato\/faq\/","og_site_name":"lucazfox","article_modified_time":"2024-09-25T19:00:25+00:00","twitter_card":"summary_large_image","twitter_misc":{"Est. reading time":"2 minutes"},"schema":{"@context":"https:\/\/schema.org","@graph":[{"@type":"WebPage","@id":"https:\/\/lucazfox.com\/contato\/faq\/","url":"https:\/\/lucazfox.com\/contato\/faq\/","name":"FAQ - lucazfox","isPartOf":{"@id":"https:\/\/lucazfox.com\/#website"},"datePublished":"2024-09-05T19:02:59+00:00","dateModified":"2024-09-25T19:00:25+00:00","breadcrumb":{"@id":"https:\/\/lucazfox.com\/contato\/faq\/#breadcrumb"},"inLanguage":"en-US","potentialAction":[{"@type":"ReadAction","target":["https:\/\/lucazfox.com\/contato\/faq\/"]}]},{"@type":"BreadcrumbList","@id":"https:\/\/lucazfox.com\/contato\/faq\/#breadcrumb","itemListElement":[{"@type":"ListItem","position":1,"name":"In\u00edcio","item":"https:\/\/lucazfox.com\/"},{"@type":"ListItem","position":2,"name":"contato","item":"https:\/\/lucazfox.com\/contato\/"},{"@type":"ListItem","position":3,"name":"FAQ"}]},{"@type":"WebSite","@id":"https:\/\/lucazfox.com\/#website","url":"https:\/\/lucazfox.com\/","name":"lucazfox","description":"design estrat\u00e9gico e criativo para empresa iniciante ou evolu\u00e7\u00e3o","publisher":{"@id":"https:\/\/lucazfox.com\/#organization"},"potentialAction":[{"@type":"SearchAction","target":{"@type":"EntryPoint","urlTemplate":"https:\/\/lucazfox.com\/?s={search_term_string}"},"query-input":{"@type":"PropertyValueSpecification","valueRequired":true,"valueName":"search_term_string"}}],"inLanguage":"en-US"},{"@type":"Organization","@id":"https:\/\/lucazfox.com\/#organization","name":"lucazfox","url":"https:\/\/lucazfox.com\/","logo":{"@type":"ImageObject","inLanguage":"en-US","@id":"https:\/\/lucazfox.com\/#\/schema\/logo\/image\/","url":"https:\/\/lucazfox.com\/wp-content\/uploads\/2024\/07\/logofx.svg","contentUrl":"https:\/\/lucazfox.com\/wp-content\/uploads\/2024\/07\/logofx.svg","width":31,"height":44,"caption":"lucazfox"},"image":{"@id":"https:\/\/lucazfox.com\/#\/schema\/logo\/image\/"}}]}},"_links":{"self":[{"href":"https:\/\/lucazfox.com\/en\/wp-json\/wp\/v2\/pages\/2330"}],"collection":[{"href":"https:\/\/lucazfox.com\/en\/wp-json\/wp\/v2\/pages"}],"about":[{"href":"https:\/\/lucazfox.com\/en\/wp-json\/wp\/v2\/types\/page"}],"author":[{"embeddable":true,"href":"https:\/\/lucazfox.com\/en\/wp-json\/wp\/v2\/users\/1"}],"replies":[{"embeddable":true,"href":"https:\/\/lucazfox.com\/en\/wp-json\/wp\/v2\/comments?post=2330"}],"version-history":[{"count":55,"href":"https:\/\/lucazfox.com\/en\/wp-json\/wp\/v2\/pages\/2330\/revisions"}],"predecessor-version":[{"id":3391,"href":"https:\/\/lucazfox.com\/en\/wp-json\/wp\/v2\/pages\/2330\/revisions\/3391"}],"up":[{"embeddable":true,"href":"https:\/\/lucazfox.com\/en\/wp-json\/wp\/v2\/pages\/2349"}],"wp:attachment":[{"href":"https:\/\/lucazfox.com\/en\/wp-json\/wp\/v2\/media?parent=2330"}],"curies":[{"name":"wp","href":"https:\/\/api.w.org\/{rel}","templated":true}]}}