{"id":2448,"date":"2024-09-06T12:42:07","date_gmt":"2024-09-06T15:42:07","guid":{"rendered":"https:\/\/lucazfox.com\/?page_id=2448"},"modified":"2024-09-27T10:59:49","modified_gmt":"2024-09-27T13:59:49","slug":"pacotes","status":"publish","type":"page","link":"https:\/\/lucazfox.com\/en\/pacotes\/","title":{"rendered":"packages"},"content":{"rendered":"<div data-elementor-type=\"wp-page\" data-elementor-id=\"2448\" class=\"elementor elementor-2448\">\n\t\t\t\t<div class=\"elementor-element elementor-element-2eeea9dc e-con-full e-flex e-con e-parent\" data-id=\"2eeea9dc\" data-element_type=\"container\" data-settings=\"{&quot;background_background&quot;:&quot;classic&quot;}\">\n\t\t<div class=\"elementor-element elementor-element-5945f210 e-con-full e-flex e-con e-child\" data-id=\"5945f210\" data-element_type=\"container\">\n\t\t\t\t<div class=\"elementor-element elementor-element-49879f7f exad-sticky-section-no exad-glass-effect-no elementor-widget elementor-widget-heading\" data-id=\"49879f7f\" data-element_type=\"widget\" data-widget_type=\"heading.default\">\n\t\t\t\t<div class=\"elementor-widget-container\">\n\t\t\t\t\t<h1 class=\"elementor-heading-title elementor-size-default\">Packages<\/h1>\t\t\t\t<\/div>\n\t\t\t\t<\/div>\n\t\t\t\t<\/div>\n\t\t<div class=\"elementor-element elementor-element-5f1bae1b e-con-full e-flex e-con e-child\" data-id=\"5f1bae1b\" data-element_type=\"container\">\n\t\t<div class=\"elementor-element elementor-element-139eb50 e-con-full e-flex e-con e-child\" data-id=\"139eb50\" data-element_type=\"container\" data-settings=\"{&quot;background_background&quot;:&quot;classic&quot;}\">\n\t\t<div class=\"elementor-element elementor-element-4c01d20 e-con-full e-flex e-con e-child\" data-id=\"4c01d20\" data-element_type=\"container\">\n\t\t\t\t<div class=\"elementor-element elementor-element-8097f4a exad-sticky-section-no exad-glass-effect-no elementor-widget elementor-widget-image\" data-id=\"8097f4a\" data-element_type=\"widget\" data-widget_type=\"image.default\">\n\t\t\t\t<div class=\"elementor-widget-container\">\n\t\t\t\t\t\t\t\t\t\t\t\t\t\t\t<img fetchpriority=\"high\" decoding=\"async\" width=\"500\" height=\"701\" src=\"https:\/\/lucazfox.com\/wp-content\/uploads\/2024\/09\/logo_capa.png\" class=\"attachment-full size-full wp-image-2696\" alt=\"\" srcset=\"https:\/\/lucazfox.com\/wp-content\/uploads\/2024\/09\/logo_capa.png 500w, https:\/\/lucazfox.com\/wp-content\/uploads\/2024\/09\/logo_capa-214x300.png 214w\" sizes=\"(max-width: 500px) 100vw, 500px\" \/>\t\t\t\t\t\t\t\t\t\t\t\t\t\t\t<\/div>\n\t\t\t\t<\/div>\n\t\t\t\t<\/div>\n\t\t<div class=\"elementor-element elementor-element-d8ec8a5 e-con-full e-flex e-con e-child\" data-id=\"d8ec8a5\" data-element_type=\"container\">\n\t\t\t\t<div class=\"elementor-element elementor-element-535f1baf exad-sticky-section-no exad-glass-effect-no elementor-widget elementor-widget-heading\" data-id=\"535f1baf\" data-element_type=\"widget\" data-widget_type=\"heading.default\">\n\t\t\t\t<div class=\"elementor-widget-container\">\n\t\t\t\t\t<h2 class=\"elementor-heading-title elementor-size-default\">logo<\/h2>\t\t\t\t<\/div>\n\t\t\t\t<\/div>\n\t\t\t\t<div class=\"elementor-element elementor-element-34e0774a exad-sticky-section-no exad-glass-effect-no elementor-widget elementor-widget-text-editor\" data-id=\"34e0774a\" data-element_type=\"widget\" data-widget_type=\"text-editor.default\">\n\t\t\t\t<div class=\"elementor-widget-container\">\n\t\t\t\t\t\t\t\t\t<p>Everyone needs a start, and this service covers just that moment. A logo to reflect the company's image and intentions. The steps are: meeting, mood board, working on these feedbacks and some drafts, presenting them to you and after your approval or review, you receive the logo and its versions with a basic usage guide.<\/p><ul><li>Logo and its versions <br \/>(SVG, PDF, PNG, JPG)<\/li><li>Usage guidelines. <br \/>(Colors, Breathing Area, and Restrictions)<\/li><\/ul>\t\t\t\t\t\t\t\t<\/div>\n\t\t\t\t<\/div>\n\t\t\t\t<div data-ra-element-link=\"{&quot;url&quot;:&quot;https:\\\/\\\/lucazfox.com\\\/contato\\\/&quot;,&quot;is_external&quot;:&quot;&quot;,&quot;nofollow&quot;:&quot;&quot;,&quot;custom_attributes&quot;:&quot;&quot;}\" style=\"cursor: pointer\" target=\"_self\" onclick=\"window.open(&#039;https:\/\/lucazfox.com\/contato\/&#039;, &#039;_self&#039;)\" class=\"elementor-element elementor-element-493d3c5 elementor-align-justify exad-sticky-section-no exad-glass-effect-no elementor-widget elementor-widget-button\" data-id=\"493d3c5\" data-element_type=\"widget\" data-widget_type=\"button.default\">\n\t\t\t\t<div class=\"elementor-widget-container\">\n\t\t\t\t\t\t\t\t\t<div class=\"elementor-button-wrapper\">\n\t\t\t\t\t<a class=\"elementor-button elementor-button-link elementor-size-sm\" href=\"https:\/\/lucazfox.com\/en\/contato\/\">\n\t\t\t\t\t\t<span class=\"elementor-button-content-wrapper\">\n\t\t\t\t\t\t\t\t\t<span class=\"elementor-button-text\">Request<\/span>\n\t\t\t\t\t<\/span>\n\t\t\t\t\t<\/a>\n\t\t\t\t<\/div>\n\t\t\t\t\t\t\t\t<\/div>\n\t\t\t\t<\/div>\n\t\t\t\t<\/div>\n\t\t\t\t<\/div>\n\t\t<div class=\"elementor-element elementor-element-b9232bc e-con-full e-flex e-con e-child\" data-id=\"b9232bc\" data-element_type=\"container\" data-settings=\"{&quot;background_background&quot;:&quot;classic&quot;}\">\n\t\t<div class=\"elementor-element elementor-element-94b0227 e-con-full e-flex e-con e-child\" data-id=\"94b0227\" data-element_type=\"container\">\n\t\t\t\t<div class=\"elementor-element elementor-element-eb2c0f3 exad-sticky-section-no exad-glass-effect-no elementor-widget elementor-widget-image\" data-id=\"eb2c0f3\" data-element_type=\"widget\" data-widget_type=\"image.default\">\n\t\t\t\t<div class=\"elementor-widget-container\">\n\t\t\t\t\t\t\t\t\t\t\t\t\t\t\t<img decoding=\"async\" width=\"500\" height=\"700\" src=\"https:\/\/lucazfox.com\/wp-content\/uploads\/2024\/09\/identidade2.png\" class=\"attachment-large size-large wp-image-2698\" alt=\"\" srcset=\"https:\/\/lucazfox.com\/wp-content\/uploads\/2024\/09\/identidade2.png 500w, https:\/\/lucazfox.com\/wp-content\/uploads\/2024\/09\/identidade2-214x300.png 214w\" sizes=\"(max-width: 500px) 100vw, 500px\" \/>\t\t\t\t\t\t\t\t\t\t\t\t\t\t\t<\/div>\n\t\t\t\t<\/div>\n\t\t\t\t<\/div>\n\t\t<div class=\"elementor-element elementor-element-819bc15 e-con-full e-flex e-con e-child\" data-id=\"819bc15\" data-element_type=\"container\">\n\t\t\t\t<div class=\"elementor-element elementor-element-abf5fd7 exad-sticky-section-no exad-glass-effect-no elementor-widget elementor-widget-heading\" data-id=\"abf5fd7\" data-element_type=\"widget\" data-widget_type=\"heading.default\">\n\t\t\t\t<div class=\"elementor-widget-container\">\n\t\t\t\t\t<h2 class=\"elementor-heading-title elementor-size-default\">Visual identity<\/h2>\t\t\t\t<\/div>\n\t\t\t\t<\/div>\n\t\t\t\t<div class=\"elementor-element elementor-element-1fc3126 exad-sticky-section-no exad-glass-effect-no elementor-widget elementor-widget-text-editor\" data-id=\"1fc3126\" data-element_type=\"widget\" data-widget_type=\"text-editor.default\">\n\t\t\t\t<div class=\"elementor-widget-container\">\n\t\t\t\t\t\t\t\t\t<p>The steps are similar for a logo, but in this package you get some relevant additions like working typography. A more detailed guide on how to apply the logo and its contracted items to maintain the brand identity across your touchpoints with a consistent pattern. With visual examples.<\/p>\n<ul>\n<li>Logo and its versions <br>(SVG, PDF, PNG, JPG)<\/li><li>selected items<br>(- social media template, stationery, packaging layout, presentation)<\/li>\n<li>Guidelines Document <br>(Colors and their proportions, typographic combinations, breathing area, and restrictions)<\/li>\n<\/ul>\t\t\t\t\t\t\t\t<\/div>\n\t\t\t\t<\/div>\n\t\t\t\t<div data-ra-element-link=\"{&quot;url&quot;:&quot;https:\\\/\\\/lucazfox.com\\\/contato\\\/&quot;,&quot;is_external&quot;:&quot;&quot;,&quot;nofollow&quot;:&quot;&quot;,&quot;custom_attributes&quot;:&quot;&quot;}\" style=\"cursor: pointer\" target=\"_self\" onclick=\"window.open(&#039;https:\/\/lucazfox.com\/contato\/&#039;, &#039;_self&#039;)\" class=\"elementor-element elementor-element-16f1a6d elementor-align-justify exad-sticky-section-no exad-glass-effect-no elementor-widget elementor-widget-button\" data-id=\"16f1a6d\" data-element_type=\"widget\" data-widget_type=\"button.default\">\n\t\t\t\t<div class=\"elementor-widget-container\">\n\t\t\t\t\t\t\t\t\t<div class=\"elementor-button-wrapper\">\n\t\t\t\t\t<a class=\"elementor-button elementor-button-link elementor-size-sm\" href=\"https:\/\/lucazfox.com\/en\/contato\/\">\n\t\t\t\t\t\t<span class=\"elementor-button-content-wrapper\">\n\t\t\t\t\t\t\t\t\t<span class=\"elementor-button-text\">Request<\/span>\n\t\t\t\t\t<\/span>\n\t\t\t\t\t<\/a>\n\t\t\t\t<\/div>\n\t\t\t\t\t\t\t\t<\/div>\n\t\t\t\t<\/div>\n\t\t\t\t<\/div>\n\t\t\t\t<\/div>\n\t\t<div class=\"elementor-element elementor-element-228cf54 e-con-full e-flex e-con e-child\" data-id=\"228cf54\" data-element_type=\"container\" data-settings=\"{&quot;background_background&quot;:&quot;classic&quot;}\">\n\t\t<div class=\"elementor-element elementor-element-cf3dd3d e-con-full e-flex e-con e-child\" data-id=\"cf3dd3d\" data-element_type=\"container\">\n\t\t\t\t<div class=\"elementor-element elementor-element-908e3d6 exad-sticky-section-no exad-glass-effect-no elementor-widget elementor-widget-image\" data-id=\"908e3d6\" data-element_type=\"widget\" data-widget_type=\"image.default\">\n\t\t\t\t<div class=\"elementor-widget-container\">\n\t\t\t\t\t\t\t\t\t\t\t\t\t\t\t<img decoding=\"async\" width=\"500\" height=\"700\" src=\"https:\/\/lucazfox.com\/wp-content\/uploads\/2024\/09\/estratetgia_capa2.png\" class=\"attachment-large size-large wp-image-2832\" alt=\"\" srcset=\"https:\/\/lucazfox.com\/wp-content\/uploads\/2024\/09\/estratetgia_capa2.png 500w, https:\/\/lucazfox.com\/wp-content\/uploads\/2024\/09\/estratetgia_capa2-214x300.png 214w\" sizes=\"(max-width: 500px) 100vw, 500px\" \/>\t\t\t\t\t\t\t\t\t\t\t\t\t\t\t<\/div>\n\t\t\t\t<\/div>\n\t\t\t\t<\/div>\n\t\t<div class=\"elementor-element elementor-element-3332cfb e-con-full e-flex e-con e-child\" data-id=\"3332cfb\" data-element_type=\"container\">\n\t\t\t\t<div class=\"elementor-element elementor-element-015b9df exad-sticky-section-no exad-glass-effect-no elementor-widget elementor-widget-heading\" data-id=\"015b9df\" data-element_type=\"widget\" data-widget_type=\"heading.default\">\n\t\t\t\t<div class=\"elementor-widget-container\">\n\t\t\t\t\t<h2 class=\"elementor-heading-title elementor-size-default\">Brand building<\/h2>\t\t\t\t<\/div>\n\t\t\t\t<\/div>\n\t\t\t\t<div class=\"elementor-element elementor-element-144f044 exad-sticky-section-no exad-glass-effect-no elementor-widget elementor-widget-text-editor\" data-id=\"144f044\" data-element_type=\"widget\" data-widget_type=\"text-editor.default\">\n\t\t\t\t<div class=\"elementor-widget-container\">\n\t\t\t\t\t\t\t\t\t<p>This package is flexible, because you can choose one of the stages or walk together from start to finish.<\/p><ul><li>Name creation <br \/>(company, product or service)<\/li><li>Brand structuring (positioning, message, visual identity)<\/li><li>slogan<br \/>(meaningful phrase)<\/li><li>Commercial<br \/>(script or video).<\/li><\/ul>\t\t\t\t\t\t\t\t<\/div>\n\t\t\t\t<\/div>\n\t\t\t\t<div data-ra-element-link=\"{&quot;url&quot;:&quot;https:\\\/\\\/lucazfox.com\\\/contato\\\/&quot;,&quot;is_external&quot;:&quot;&quot;,&quot;nofollow&quot;:&quot;&quot;,&quot;custom_attributes&quot;:&quot;&quot;}\" style=\"cursor: pointer\" target=\"_self\" onclick=\"window.open(&#039;https:\/\/lucazfox.com\/contato\/&#039;, &#039;_self&#039;)\" class=\"elementor-element elementor-element-c8257a2 elementor-align-justify exad-sticky-section-no exad-glass-effect-no elementor-widget elementor-widget-button\" data-id=\"c8257a2\" data-element_type=\"widget\" data-widget_type=\"button.default\">\n\t\t\t\t<div class=\"elementor-widget-container\">\n\t\t\t\t\t\t\t\t\t<div class=\"elementor-button-wrapper\">\n\t\t\t\t\t<a class=\"elementor-button elementor-button-link elementor-size-sm\" href=\"https:\/\/lucazfox.com\/en\/contato\/\">\n\t\t\t\t\t\t<span class=\"elementor-button-content-wrapper\">\n\t\t\t\t\t\t\t\t\t<span class=\"elementor-button-text\">Request<\/span>\n\t\t\t\t\t<\/span>\n\t\t\t\t\t<\/a>\n\t\t\t\t<\/div>\n\t\t\t\t\t\t\t\t<\/div>\n\t\t\t\t<\/div>\n\t\t\t\t<\/div>\n\t\t\t\t<\/div>\n\t\t\t\t<\/div>\n\t\t\t\t<\/div>\n\t\t<div class=\"elementor-element elementor-element-35693f1 e-con-full e-flex e-con e-parent\" data-id=\"35693f1\" data-element_type=\"container\">\n\t\t<div class=\"elementor-element elementor-element-9b472bc e-con-full e-flex e-con e-child\" data-id=\"9b472bc\" data-element_type=\"container\">\n\t\t\t\t<div class=\"elementor-element elementor-element-a4a3cc6 exad-sticky-section-no exad-glass-effect-no elementor-widget elementor-widget-heading\" data-id=\"a4a3cc6\" data-element_type=\"widget\" data-widget_type=\"heading.default\">\n\t\t\t\t<div class=\"elementor-widget-container\">\n\t\t\t\t\t<h2 class=\"elementor-heading-title elementor-size-default\">If you have any questions, or are interested in working with me, send me a message.<\/h2>\t\t\t\t<\/div>\n\t\t\t\t<\/div>\n\t\t\t\t<\/div>\n\t\t<div class=\"elementor-element elementor-element-ed7f103 e-con-full e-flex e-con e-child\" data-id=\"ed7f103\" data-element_type=\"container\">\n\t\t\t\t<div class=\"elementor-element elementor-element-fb08168 elementor-align-justify elementor-widget-mobile__width-initial exad-sticky-section-no exad-glass-effect-no elementor-widget elementor-widget-button\" data-id=\"fb08168\" data-element_type=\"widget\" data-widget_type=\"button.default\">\n\t\t\t\t<div class=\"elementor-widget-container\">\n\t\t\t\t\t\t\t\t\t<div class=\"elementor-button-wrapper\">\n\t\t\t\t\t<a class=\"elementor-button elementor-button-link elementor-size-sm\" href=\"#\">\n\t\t\t\t\t\t<span class=\"elementor-button-content-wrapper\">\n\t\t\t\t\t\t\t\t\t<span class=\"elementor-button-text\">Click here<\/span>\n\t\t\t\t\t<\/span>\n\t\t\t\t\t<\/a>\n\t\t\t\t<\/div>\n\t\t\t\t\t\t\t\t<\/div>\n\t\t\t\t<\/div>\n\t\t\t\t<\/div>\n\t\t\t\t<\/div>\n\t\t\t\t<\/div>","protected":false},"excerpt":{"rendered":"<p>Servi\u00e7os Logo Todo mundo precisa de um in\u00edcio, esse servi\u00e7o cobre\u00a0 justamente esse momento. Uma logo para ter a cara da empresa e sua inten\u00e7\u00e3o. As etapas, s\u00e3o: reuni\u00e3o, moodboard, trabalho nesses feedbacks alguns rascunhos, apresento para voc\u00ea e ap\u00f3s sua aprova\u00e7\u00e3o ou revis\u00e3o voc\u00ea recebe a logo e suas vers\u00f5es com um guia b\u00e1sico [&hellip;]<\/p>","protected":false},"author":1,"featured_media":0,"parent":0,"menu_order":0,"comment_status":"closed","ping_status":"closed","template":"elementor_theme","meta":{"site-sidebar-layout":"no-sidebar","site-content-layout":"page-builder","ast-site-content-layout":"full-width-container","site-content-style":"unboxed","site-sidebar-style":"unboxed","ast-global-header-display":"","ast-banner-title-visibility":"","ast-main-header-display":"","ast-hfb-above-header-display":"","ast-hfb-below-header-display":"","ast-hfb-mobile-header-display":"","site-post-title":"disabled","ast-breadcrumbs-content":"","ast-featured-img":"disabled","footer-sml-layout":"","theme-transparent-header-meta":"","adv-header-id-meta":"","stick-header-meta":"","header-above-stick-meta":"","header-main-stick-meta":"","header-below-stick-meta":"","astra-migrate-meta-layouts":"set","ast-page-background-enabled":"default","ast-page-background-meta":{"desktop":{"background-color":"var(--ast-global-color-4)","background-image":"","background-repeat":"repeat","background-position":"center center","background-size":"auto","background-attachment":"scroll","background-type":"","background-media":"","overlay-type":"","overlay-color":"","overlay-opacity":"","overlay-gradient":""},"tablet":{"background-color":"","background-image":"","background-repeat":"repeat","background-position":"center center","background-size":"auto","background-attachment":"scroll","background-type":"","background-media":"","overlay-type":"","overlay-color":"","overlay-opacity":"","overlay-gradient":""},"mobile":{"background-color":"","background-image":"","background-repeat":"repeat","background-position":"center center","background-size":"auto","background-attachment":"scroll","background-type":"","background-media":"","overlay-type":"","overlay-color":"","overlay-opacity":"","overlay-gradient":""}},"ast-content-background-meta":{"desktop":{"background-color":"var(--ast-global-color-5)","background-image":"","background-repeat":"repeat","background-position":"center center","background-size":"auto","background-attachment":"scroll","background-type":"","background-media":"","overlay-type":"","overlay-color":"","overlay-opacity":"","overlay-gradient":""},"tablet":{"background-color":"var(--ast-global-color-5)","background-image":"","background-repeat":"repeat","background-position":"center center","background-size":"auto","background-attachment":"scroll","background-type":"","background-media":"","overlay-type":"","overlay-color":"","overlay-opacity":"","overlay-gradient":""},"mobile":{"background-color":"var(--ast-global-color-5)","background-image":"","background-repeat":"repeat","background-position":"center center","background-size":"auto","background-attachment":"scroll","background-type":"","background-media":"","overlay-type":"","overlay-color":"","overlay-opacity":"","overlay-gradient":""}},"footnotes":""},"class_list":["post-2448","page","type-page","status-publish","hentry"],"yoast_head":"<!-- This site is optimized with the Yoast SEO plugin v24.5 - https:\/\/yoast.com\/wordpress\/plugins\/seo\/ -->\n<title>pacotes - lucazfox<\/title>\n<meta name=\"robots\" content=\"index, follow, max-snippet:-1, max-image-preview:large, max-video-preview:-1\" \/>\n<link rel=\"canonical\" href=\"https:\/\/lucazfox.com\/en\/pacotes\/\" \/>\n<meta property=\"og:locale\" content=\"en_US\" \/>\n<meta property=\"og:type\" content=\"article\" \/>\n<meta property=\"og:title\" content=\"pacotes - lucazfox\" \/>\n<meta property=\"og:description\" content=\"Servi\u00e7os Logo Todo mundo precisa de um in\u00edcio, esse servi\u00e7o cobre\u00a0 justamente esse momento. Uma logo para ter a cara da empresa e sua inten\u00e7\u00e3o. As etapas, s\u00e3o: reuni\u00e3o, moodboard, trabalho nesses feedbacks alguns rascunhos, apresento para voc\u00ea e ap\u00f3s sua aprova\u00e7\u00e3o ou revis\u00e3o voc\u00ea recebe a logo e suas vers\u00f5es com um guia b\u00e1sico [&hellip;]\" \/>\n<meta property=\"og:url\" content=\"https:\/\/lucazfox.com\/en\/pacotes\/\" \/>\n<meta property=\"og:site_name\" content=\"lucazfox\" \/>\n<meta property=\"article:modified_time\" content=\"2024-09-27T13:59:49+00:00\" \/>\n<meta property=\"og:image\" content=\"https:\/\/lucazfox.com\/wp-content\/uploads\/2024\/09\/logo_capa.png\" \/>\n\t<meta property=\"og:image:width\" content=\"500\" \/>\n\t<meta property=\"og:image:height\" content=\"701\" \/>\n\t<meta property=\"og:image:type\" content=\"image\/png\" \/>\n<meta name=\"twitter:card\" content=\"summary_large_image\" \/>\n<meta name=\"twitter:label1\" content=\"Est. reading time\" \/>\n\t<meta name=\"twitter:data1\" content=\"1 minute\" \/>\n<script type=\"application\/ld+json\" class=\"yoast-schema-graph\">{\"@context\":\"https:\/\/schema.org\",\"@graph\":[{\"@type\":\"WebPage\",\"@id\":\"https:\/\/lucazfox.com\/pacotes\/\",\"url\":\"https:\/\/lucazfox.com\/pacotes\/\",\"name\":\"pacotes - lucazfox\",\"isPartOf\":{\"@id\":\"https:\/\/lucazfox.com\/#website\"},\"primaryImageOfPage\":{\"@id\":\"https:\/\/lucazfox.com\/pacotes\/#primaryimage\"},\"image\":{\"@id\":\"https:\/\/lucazfox.com\/pacotes\/#primaryimage\"},\"thumbnailUrl\":\"https:\/\/lucazfox.com\/wp-content\/uploads\/2024\/09\/logo_capa.png\",\"datePublished\":\"2024-09-06T15:42:07+00:00\",\"dateModified\":\"2024-09-27T13:59:49+00:00\",\"breadcrumb\":{\"@id\":\"https:\/\/lucazfox.com\/pacotes\/#breadcrumb\"},\"inLanguage\":\"en-US\",\"potentialAction\":[{\"@type\":\"ReadAction\",\"target\":[\"https:\/\/lucazfox.com\/pacotes\/\"]}]},{\"@type\":\"ImageObject\",\"inLanguage\":\"en-US\",\"@id\":\"https:\/\/lucazfox.com\/pacotes\/#primaryimage\",\"url\":\"https:\/\/lucazfox.com\/wp-content\/uploads\/2024\/09\/logo_capa.png\",\"contentUrl\":\"https:\/\/lucazfox.com\/wp-content\/uploads\/2024\/09\/logo_capa.png\"},{\"@type\":\"BreadcrumbList\",\"@id\":\"https:\/\/lucazfox.com\/pacotes\/#breadcrumb\",\"itemListElement\":[{\"@type\":\"ListItem\",\"position\":1,\"name\":\"In\u00edcio\",\"item\":\"https:\/\/lucazfox.com\/\"},{\"@type\":\"ListItem\",\"position\":2,\"name\":\"pacotes\"}]},{\"@type\":\"WebSite\",\"@id\":\"https:\/\/lucazfox.com\/#website\",\"url\":\"https:\/\/lucazfox.com\/\",\"name\":\"lucazfox\",\"description\":\"design estrat\u00e9gico e criativo para empresa iniciante ou evolu\u00e7\u00e3o\",\"publisher\":{\"@id\":\"https:\/\/lucazfox.com\/#organization\"},\"potentialAction\":[{\"@type\":\"SearchAction\",\"target\":{\"@type\":\"EntryPoint\",\"urlTemplate\":\"https:\/\/lucazfox.com\/?s={search_term_string}\"},\"query-input\":{\"@type\":\"PropertyValueSpecification\",\"valueRequired\":true,\"valueName\":\"search_term_string\"}}],\"inLanguage\":\"en-US\"},{\"@type\":\"Organization\",\"@id\":\"https:\/\/lucazfox.com\/#organization\",\"name\":\"lucazfox\",\"url\":\"https:\/\/lucazfox.com\/\",\"logo\":{\"@type\":\"ImageObject\",\"inLanguage\":\"en-US\",\"@id\":\"https:\/\/lucazfox.com\/#\/schema\/logo\/image\/\",\"url\":\"https:\/\/lucazfox.com\/wp-content\/uploads\/2024\/07\/logofx.svg\",\"contentUrl\":\"https:\/\/lucazfox.com\/wp-content\/uploads\/2024\/07\/logofx.svg\",\"width\":31,\"height\":44,\"caption\":\"lucazfox\"},\"image\":{\"@id\":\"https:\/\/lucazfox.com\/#\/schema\/logo\/image\/\"}}]}<\/script>\n<!-- \/ Yoast SEO plugin. -->","yoast_head_json":{"title":"pacotes - lucazfox","robots":{"index":"index","follow":"follow","max-snippet":"max-snippet:-1","max-image-preview":"max-image-preview:large","max-video-preview":"max-video-preview:-1"},"canonical":"https:\/\/lucazfox.com\/en\/pacotes\/","og_locale":"en_US","og_type":"article","og_title":"pacotes - lucazfox","og_description":"Servi\u00e7os Logo Todo mundo precisa de um in\u00edcio, esse servi\u00e7o cobre\u00a0 justamente esse momento. Uma logo para ter a cara da empresa e sua inten\u00e7\u00e3o. As etapas, s\u00e3o: reuni\u00e3o, moodboard, trabalho nesses feedbacks alguns rascunhos, apresento para voc\u00ea e ap\u00f3s sua aprova\u00e7\u00e3o ou revis\u00e3o voc\u00ea recebe a logo e suas vers\u00f5es com um guia b\u00e1sico [&hellip;]","og_url":"https:\/\/lucazfox.com\/en\/pacotes\/","og_site_name":"lucazfox","article_modified_time":"2024-09-27T13:59:49+00:00","og_image":[{"width":500,"height":701,"url":"https:\/\/lucazfox.com\/wp-content\/uploads\/2024\/09\/logo_capa.png","type":"image\/png"}],"twitter_card":"summary_large_image","twitter_misc":{"Est. reading time":"1 minute"},"schema":{"@context":"https:\/\/schema.org","@graph":[{"@type":"WebPage","@id":"https:\/\/lucazfox.com\/pacotes\/","url":"https:\/\/lucazfox.com\/pacotes\/","name":"pacotes - lucazfox","isPartOf":{"@id":"https:\/\/lucazfox.com\/#website"},"primaryImageOfPage":{"@id":"https:\/\/lucazfox.com\/pacotes\/#primaryimage"},"image":{"@id":"https:\/\/lucazfox.com\/pacotes\/#primaryimage"},"thumbnailUrl":"https:\/\/lucazfox.com\/wp-content\/uploads\/2024\/09\/logo_capa.png","datePublished":"2024-09-06T15:42:07+00:00","dateModified":"2024-09-27T13:59:49+00:00","breadcrumb":{"@id":"https:\/\/lucazfox.com\/pacotes\/#breadcrumb"},"inLanguage":"en-US","potentialAction":[{"@type":"ReadAction","target":["https:\/\/lucazfox.com\/pacotes\/"]}]},{"@type":"ImageObject","inLanguage":"en-US","@id":"https:\/\/lucazfox.com\/pacotes\/#primaryimage","url":"https:\/\/lucazfox.com\/wp-content\/uploads\/2024\/09\/logo_capa.png","contentUrl":"https:\/\/lucazfox.com\/wp-content\/uploads\/2024\/09\/logo_capa.png"},{"@type":"BreadcrumbList","@id":"https:\/\/lucazfox.com\/pacotes\/#breadcrumb","itemListElement":[{"@type":"ListItem","position":1,"name":"In\u00edcio","item":"https:\/\/lucazfox.com\/"},{"@type":"ListItem","position":2,"name":"pacotes"}]},{"@type":"WebSite","@id":"https:\/\/lucazfox.com\/#website","url":"https:\/\/lucazfox.com\/","name":"lucazfox","description":"design estrat\u00e9gico e criativo para empresa iniciante ou evolu\u00e7\u00e3o","publisher":{"@id":"https:\/\/lucazfox.com\/#organization"},"potentialAction":[{"@type":"SearchAction","target":{"@type":"EntryPoint","urlTemplate":"https:\/\/lucazfox.com\/?s={search_term_string}"},"query-input":{"@type":"PropertyValueSpecification","valueRequired":true,"valueName":"search_term_string"}}],"inLanguage":"en-US"},{"@type":"Organization","@id":"https:\/\/lucazfox.com\/#organization","name":"lucazfox","url":"https:\/\/lucazfox.com\/","logo":{"@type":"ImageObject","inLanguage":"en-US","@id":"https:\/\/lucazfox.com\/#\/schema\/logo\/image\/","url":"https:\/\/lucazfox.com\/wp-content\/uploads\/2024\/07\/logofx.svg","contentUrl":"https:\/\/lucazfox.com\/wp-content\/uploads\/2024\/07\/logofx.svg","width":31,"height":44,"caption":"lucazfox"},"image":{"@id":"https:\/\/lucazfox.com\/#\/schema\/logo\/image\/"}}]}},"_links":{"self":[{"href":"https:\/\/lucazfox.com\/en\/wp-json\/wp\/v2\/pages\/2448"}],"collection":[{"href":"https:\/\/lucazfox.com\/en\/wp-json\/wp\/v2\/pages"}],"about":[{"href":"https:\/\/lucazfox.com\/en\/wp-json\/wp\/v2\/types\/page"}],"author":[{"embeddable":true,"href":"https:\/\/lucazfox.com\/en\/wp-json\/wp\/v2\/users\/1"}],"replies":[{"embeddable":true,"href":"https:\/\/lucazfox.com\/en\/wp-json\/wp\/v2\/comments?post=2448"}],"version-history":[{"count":66,"href":"https:\/\/lucazfox.com\/en\/wp-json\/wp\/v2\/pages\/2448\/revisions"}],"predecessor-version":[{"id":3470,"href":"https:\/\/lucazfox.com\/en\/wp-json\/wp\/v2\/pages\/2448\/revisions\/3470"}],"wp:attachment":[{"href":"https:\/\/lucazfox.com\/en\/wp-json\/wp\/v2\/media?parent=2448"}],"curies":[{"name":"wp","href":"https:\/\/api.w.org\/{rel}","templated":true}]}}